{"id":7787,"date":"2024-03-02T14:57:52","date_gmt":"2024-03-02T13:57:52","guid":{"rendered":"https:\/\/interkultur.fr\/?post_type=product&#038;p=7787"},"modified":"2024-03-05T00:29:28","modified_gmt":"2024-03-04T23:29:28","slug":"enchanting-chaalis","status":"publish","type":"product","link":"https:\/\/interkultur.fr\/en\/produit\/enchanting-chaalis\/","title":{"rendered":"Enchanting Chaalis"},"content":{"rendered":"<h3>the Royal Abbey of Chaalis and the Jacquemart Andr\u00e9 Museum<\/h3>\n<p><strong>Practical information:<\/strong><br \/>\n\u2022 Collection point:\u00a0to be confirmed<br \/>\n\u2022 Duration: 06h<br \/>\n\u2022 Private transport<br \/>\n\u2022 <b>Dates and fares:<\/b>\u00a0<a href=\"https:\/\/interkultur.fr\/en\/contact\/\">Contact us<\/a><br \/>\n\u2022 Transportation and all sites tickets included.<\/p>\n<p>&nbsp;<\/p>\n<p><img decoding=\"async\" class=\"alignleft wp-image-7846 size-thumbnail\" src=\"https:\/\/interkultur.fr\/wp-content\/uploads\/2024\/03\/Chaalis-pond-150x150.jpg\" alt=\"\" width=\"150\" height=\"150\" srcset=\"https:\/\/interkultur.fr\/wp-content\/uploads\/2024\/03\/Chaalis-pond-66x66.jpg 66w, https:\/\/interkultur.fr\/wp-content\/uploads\/2024\/03\/Chaalis-pond-150x150.jpg 150w, https:\/\/interkultur.fr\/wp-content\/uploads\/2024\/03\/Chaalis-pond-200x200.jpg 200w, https:\/\/interkultur.fr\/wp-content\/uploads\/2024\/03\/Chaalis-pond-500x500.jpg 500w\" sizes=\"(max-width: 150px) 100vw, 150px\" \/>Located a few kilometers from Senlis and founded in the 12th century, the <strong>Royal Abbey of Chaalis,<\/strong> created by Louis the VIth, was of great importance, reaching its peak in the 14th century.<\/p>\n<p>In the 18th century the abbey was abandoned because faced with serious financial problems, the monks left for other monasteries.<\/p>\n<p>The large buildings remaining now house <strong>the art collections<\/strong> of <strong>the Jacquemart-Andr\u00e9<\/strong>, who bought the domain in the mid-nineteenth century. Today, the Museum is made up of more than 6,000 works of art, furniture, paintings, sculptures, decorative objects, and <strong>the Jean-Jacques Rousseau Collection<\/strong>. This museum contains one of the most important collections on the French philosopher (manuscripts, iconographies, etc.).<\/p>\n<p>The owner during the French Revolution, sold the stones of the old abbey church, using it as a <strong>stone quarry<\/strong> up to the 18(\u00e0&#8217;s. Today the ruins of this church bring a <strong>romantic side<\/strong> to the whole site.<\/p>\n<p><img decoding=\"async\" class=\"alignleft size-thumbnail wp-image-7852\" src=\"https:\/\/interkultur.fr\/wp-content\/uploads\/2024\/03\/chaalis-chapel-150x150.jpg\" alt=\"\" width=\"150\" height=\"150\" srcset=\"https:\/\/interkultur.fr\/wp-content\/uploads\/2024\/03\/chaalis-chapel-66x66.jpg 66w, https:\/\/interkultur.fr\/wp-content\/uploads\/2024\/03\/chaalis-chapel-150x150.jpg 150w, https:\/\/interkultur.fr\/wp-content\/uploads\/2024\/03\/chaalis-chapel-200x200.jpg 200w, https:\/\/interkultur.fr\/wp-content\/uploads\/2024\/03\/chaalis-chapel-500x500.jpg 500w\" sizes=\"(max-width: 150px) 100vw, 150px\" \/>Right next to the ruins of the church is a <strong>superb chapel<\/strong>,<br \/>\nThis is the Notre-Dame chapel, the exterior part of which is very sober, the interior includes quite remarkable <strong>Renaissance frescoes<\/strong>, they were painted by the <strong>Primaticce, <\/strong>a 16th century Italian artist.<\/p>\n<p>A rose garden is installed in the park, it is closed by a crenellated wall also from the 16th century: the Serlio wall.<\/p>\n","protected":false},"excerpt":{"rendered":"<p>The enchanting abbey of Chaalis offers a fantastic trip back into the history ot one of the greatest and renown abbeys in the country.<br \/>\nThe domain includes a large park, the ruins of the old abbey church, a superb chapel, <strong>fantastic 14th century frescoes<\/strong>, a beautiful rose garden and <strong>the Jacquemart Andr\u00e9<\/strong> museum installed in the 18th century abbey church, which brings together works from different eras, with invaluable art works.<\/p>\n","protected":false},"featured_media":7840,"template":"","meta":{"_price":"","_stock":"","_tribe_ticket_header":"","_tribe_default_ticket_provider":"","_tribe_ticket_capacity":"0","_ticket_start_date":"","_ticket_end_date":"","_tribe_ticket_show_description":"","_tribe_ticket_show_not_going":false,"_tribe_ticket_use_global_stock":"","_tribe_ticket_global_stock_level":"","_global_stock_mode":"","_global_stock_cap":"","_tribe_rsvp_for_event":"","_tribe_ticket_going_count":"","_tribe_ticket_not_going_count":"","_tribe_tickets_list":"[]","_tribe_ticket_has_attendee_info_fields":false,"_tec_slr_enabled":"","_tec_slr_layout":""},"product_brand":[],"product_cat":[142],"product_tag":[],"class_list":{"0":"post-7787","1":"product","2":"type-product","3":"status-publish","4":"has-post-thumbnail","6":"product_cat-tours-france","8":"first","9":"instock","10":"featured","11":"virtual","12":"product-type-simple"},"yoast_head":"<!-- This site is optimized with the Yoast SEO plugin v27.4 - https:\/\/yoast.com\/product\/yoast-seo-wordpress\/ -->\n<title>Enchanting Chaalis - Interkultur<\/title>\n<meta name=\"robots\" content=\"index, follow, max-snippet:-1, max-image-preview:large, max-video-preview:-1\" \/>\n<link rel=\"canonical\" href=\"https:\/\/interkultur.fr\/en\/produit\/enchanting-chaalis\/\" \/>\n<meta property=\"og:locale\" content=\"en_US\" \/>\n<meta property=\"og:type\" content=\"article\" \/>\n<meta property=\"og:title\" content=\"Enchanting Chaalis - Interkultur\" \/>\n<meta property=\"og:description\" content=\"The enchanting abbey of Chaalis offers a fantastic trip back into the history ot one of the greatest and renown abbeys in the country. The domain includes a large park, the ruins of the old abbey church, a superb chapel, fantastic 14th century frescoes, a beautiful rose garden and the Jacquemart Andr\u00e9 museum installed in the 18th century abbey church, which brings together works from different eras, with invaluable art works.\" \/>\n<meta property=\"og:url\" content=\"https:\/\/interkultur.fr\/en\/produit\/enchanting-chaalis\/\" \/>\n<meta property=\"og:site_name\" content=\"Interkultur\" \/>\n<meta property=\"article:modified_time\" content=\"2024-03-04T23:29:28+00:00\" \/>\n<meta property=\"og:image\" content=\"https:\/\/interkultur.fr\/wp-content\/uploads\/2024\/03\/Chaalis-ruins-chapel.jpg\" \/>\n\t<meta property=\"og:image:width\" content=\"1600\" \/>\n\t<meta property=\"og:image:height\" content=\"992\" \/>\n\t<meta property=\"og:image:type\" content=\"image\/jpeg\" \/>\n<meta name=\"twitter:card\" content=\"summary_large_image\" \/>\n<script type=\"application\/ld+json\" class=\"yoast-schema-graph\">{\"@context\":\"https:\\\/\\\/schema.org\",\"@graph\":[{\"@type\":\"WebPage\",\"@id\":\"https:\\\/\\\/interkultur.fr\\\/en\\\/produit\\\/enchanting-chaalis\\\/\",\"url\":\"https:\\\/\\\/interkultur.fr\\\/en\\\/produit\\\/enchanting-chaalis\\\/\",\"name\":\"Enchanting Chaalis - Interkultur\",\"isPartOf\":{\"@id\":\"https:\\\/\\\/interkultur.fr\\\/en\\\/#website\"},\"primaryImageOfPage\":{\"@id\":\"https:\\\/\\\/interkultur.fr\\\/en\\\/produit\\\/enchanting-chaalis\\\/#primaryimage\"},\"image\":{\"@id\":\"https:\\\/\\\/interkultur.fr\\\/en\\\/produit\\\/enchanting-chaalis\\\/#primaryimage\"},\"thumbnailUrl\":\"https:\\\/\\\/interkultur.fr\\\/wp-content\\\/uploads\\\/2024\\\/03\\\/Chaalis-ruins-chapel.jpg\",\"datePublished\":\"2024-03-02T13:57:52+00:00\",\"dateModified\":\"2024-03-04T23:29:28+00:00\",\"breadcrumb\":{\"@id\":\"https:\\\/\\\/interkultur.fr\\\/en\\\/produit\\\/enchanting-chaalis\\\/#breadcrumb\"},\"inLanguage\":\"en-US\",\"potentialAction\":[{\"@type\":\"ReadAction\",\"target\":[\"https:\\\/\\\/interkultur.fr\\\/en\\\/produit\\\/enchanting-chaalis\\\/\"]}]},{\"@type\":\"ImageObject\",\"inLanguage\":\"en-US\",\"@id\":\"https:\\\/\\\/interkultur.fr\\\/en\\\/produit\\\/enchanting-chaalis\\\/#primaryimage\",\"url\":\"https:\\\/\\\/interkultur.fr\\\/wp-content\\\/uploads\\\/2024\\\/03\\\/Chaalis-ruins-chapel.jpg\",\"contentUrl\":\"https:\\\/\\\/interkultur.fr\\\/wp-content\\\/uploads\\\/2024\\\/03\\\/Chaalis-ruins-chapel.jpg\",\"width\":1600,\"height\":992},{\"@type\":\"BreadcrumbList\",\"@id\":\"https:\\\/\\\/interkultur.fr\\\/en\\\/produit\\\/enchanting-chaalis\\\/#breadcrumb\",\"itemListElement\":[{\"@type\":\"ListItem\",\"position\":1,\"name\":\"Accueil\",\"item\":\"https:\\\/\\\/interkultur.fr\\\/en\\\/\"},{\"@type\":\"ListItem\",\"position\":2,\"name\":\"Shop\",\"item\":\"https:\\\/\\\/interkultur.fr\\\/en\\\/shop\\\/\"},{\"@type\":\"ListItem\",\"position\":3,\"name\":\"Enchanting Chaalis\"}]},{\"@type\":\"WebSite\",\"@id\":\"https:\\\/\\\/interkultur.fr\\\/en\\\/#website\",\"url\":\"https:\\\/\\\/interkultur.fr\\\/en\\\/\",\"name\":\"Interkultur\",\"description\":\"Visites et \u00e9v\u00e9nements culturels dans le Paris secret li\u00e9s \u00e0 l\u2019Histoire, l\u2019art, et la valorisation du patrimoine et des savoirs faire.\",\"potentialAction\":[{\"@type\":\"SearchAction\",\"target\":{\"@type\":\"EntryPoint\",\"urlTemplate\":\"https:\\\/\\\/interkultur.fr\\\/en\\\/?s={search_term_string}\"},\"query-input\":{\"@type\":\"PropertyValueSpecification\",\"valueRequired\":true,\"valueName\":\"search_term_string\"}}],\"inLanguage\":\"en-US\"}]}<\/script>\n<!-- \/ Yoast SEO plugin. -->","yoast_head_json":{"title":"Enchanting Chaalis - Interkultur","robots":{"index":"index","follow":"follow","max-snippet":"max-snippet:-1","max-image-preview":"max-image-preview:large","max-video-preview":"max-video-preview:-1"},"canonical":"https:\/\/interkultur.fr\/en\/produit\/enchanting-chaalis\/","og_locale":"en_US","og_type":"article","og_title":"Enchanting Chaalis - Interkultur","og_description":"The enchanting abbey of Chaalis offers a fantastic trip back into the history ot one of the greatest and renown abbeys in the country. The domain includes a large park, the ruins of the old abbey church, a superb chapel, fantastic 14th century frescoes, a beautiful rose garden and the Jacquemart Andr\u00e9 museum installed in the 18th century abbey church, which brings together works from different eras, with invaluable art works.","og_url":"https:\/\/interkultur.fr\/en\/produit\/enchanting-chaalis\/","og_site_name":"Interkultur","article_modified_time":"2024-03-04T23:29:28+00:00","og_image":[{"width":1600,"height":992,"url":"https:\/\/interkultur.fr\/wp-content\/uploads\/2024\/03\/Chaalis-ruins-chapel.jpg","type":"image\/jpeg"}],"twitter_card":"summary_large_image","schema":{"@context":"https:\/\/schema.org","@graph":[{"@type":"WebPage","@id":"https:\/\/interkultur.fr\/en\/produit\/enchanting-chaalis\/","url":"https:\/\/interkultur.fr\/en\/produit\/enchanting-chaalis\/","name":"Enchanting Chaalis - Interkultur","isPartOf":{"@id":"https:\/\/interkultur.fr\/en\/#website"},"primaryImageOfPage":{"@id":"https:\/\/interkultur.fr\/en\/produit\/enchanting-chaalis\/#primaryimage"},"image":{"@id":"https:\/\/interkultur.fr\/en\/produit\/enchanting-chaalis\/#primaryimage"},"thumbnailUrl":"https:\/\/interkultur.fr\/wp-content\/uploads\/2024\/03\/Chaalis-ruins-chapel.jpg","datePublished":"2024-03-02T13:57:52+00:00","dateModified":"2024-03-04T23:29:28+00:00","breadcrumb":{"@id":"https:\/\/interkultur.fr\/en\/produit\/enchanting-chaalis\/#breadcrumb"},"inLanguage":"en-US","potentialAction":[{"@type":"ReadAction","target":["https:\/\/interkultur.fr\/en\/produit\/enchanting-chaalis\/"]}]},{"@type":"ImageObject","inLanguage":"en-US","@id":"https:\/\/interkultur.fr\/en\/produit\/enchanting-chaalis\/#primaryimage","url":"https:\/\/interkultur.fr\/wp-content\/uploads\/2024\/03\/Chaalis-ruins-chapel.jpg","contentUrl":"https:\/\/interkultur.fr\/wp-content\/uploads\/2024\/03\/Chaalis-ruins-chapel.jpg","width":1600,"height":992},{"@type":"BreadcrumbList","@id":"https:\/\/interkultur.fr\/en\/produit\/enchanting-chaalis\/#breadcrumb","itemListElement":[{"@type":"ListItem","position":1,"name":"Accueil","item":"https:\/\/interkultur.fr\/en\/"},{"@type":"ListItem","position":2,"name":"Shop","item":"https:\/\/interkultur.fr\/en\/shop\/"},{"@type":"ListItem","position":3,"name":"Enchanting Chaalis"}]},{"@type":"WebSite","@id":"https:\/\/interkultur.fr\/en\/#website","url":"https:\/\/interkultur.fr\/en\/","name":"Interkultur","description":"Visites et \u00e9v\u00e9nements culturels dans le Paris secret li\u00e9s \u00e0 l\u2019Histoire, l\u2019art, et la valorisation du patrimoine et des savoirs faire.","potentialAction":[{"@type":"SearchAction","target":{"@type":"EntryPoint","urlTemplate":"https:\/\/interkultur.fr\/en\/?s={search_term_string}"},"query-input":{"@type":"PropertyValueSpecification","valueRequired":true,"valueName":"search_term_string"}}],"inLanguage":"en-US"}]}},"_links":{"self":[{"href":"https:\/\/interkultur.fr\/en\/wp-json\/wp\/v2\/product\/7787","targetHints":{"allow":["GET"]}}],"collection":[{"href":"https:\/\/interkultur.fr\/en\/wp-json\/wp\/v2\/product"}],"about":[{"href":"https:\/\/interkultur.fr\/en\/wp-json\/wp\/v2\/types\/product"}],"wp:featuredmedia":[{"embeddable":true,"href":"https:\/\/interkultur.fr\/en\/wp-json\/wp\/v2\/media\/7840"}],"wp:attachment":[{"href":"https:\/\/interkultur.fr\/en\/wp-json\/wp\/v2\/media?parent=7787"}],"wp:term":[{"taxonomy":"product_brand","embeddable":true,"href":"https:\/\/interkultur.fr\/en\/wp-json\/wp\/v2\/product_brand?post=7787"},{"taxonomy":"product_cat","embeddable":true,"href":"https:\/\/interkultur.fr\/en\/wp-json\/wp\/v2\/product_cat?post=7787"},{"taxonomy":"product_tag","embeddable":true,"href":"https:\/\/interkultur.fr\/en\/wp-json\/wp\/v2\/product_tag?post=7787"}],"curies":[{"name":"wp","href":"https:\/\/api.w.org\/{rel}","templated":true}]}}