{"id":7898,"date":"2024-03-07T19:00:02","date_gmt":"2024-03-07T18:00:02","guid":{"rendered":"https:\/\/interkultur.fr\/?post_type=product&#038;p=7898"},"modified":"2024-10-07T18:48:45","modified_gmt":"2024-10-07T16:48:45","slug":"art-nouveau","status":"publish","type":"product","link":"https:\/\/interkultur.fr\/en\/produit\/art-nouveau\/","title":{"rendered":"Art Nouveau"},"content":{"rendered":"<p><strong>Experience the best of Art Nouveau in Paris!<\/strong><\/p>\n<p><strong>Practical Information<br \/>\n<\/strong>\u2022 Two Routes available<strong><br \/>\n<\/strong>\u2022 Meeting Point: TBD<br \/>\n\u2022 Duration : 2h15<br \/>\n\u2022 Walking tour<br \/>\n\u2022 Small group (up to 8 people) 50-80\u20ac pp<br \/>\n\u2022 Private group tour at any date (280\u20ac\/group)<\/p>\n<p>There are <strong>two possibilities<\/strong> to admire the msot marvelous wonders of Art Nouveau in Paris. Other routes can combine Art Nouveau with more <strong>modern movements<\/strong> like Beaux Arts or Art Deco, all of them specially pregnant in the West of Paris.<\/p>\n<p><strong>First route:<\/strong><br \/>\nBetween Trocadero to the Ecole Militaire, this first itinerary will show eclectism and variety displaying many different Art Nouveau buildings.<\/p>\n<p style=\"text-align: justify;\"><img decoding=\"async\" class=\"alignleft size-thumbnail wp-image-7912\" src=\"https:\/\/interkultur.fr\/wp-content\/uploads\/2024\/03\/Art-Nouveau-rapp-150x150.jpg\" alt=\"\" width=\"150\" height=\"150\" srcset=\"https:\/\/interkultur.fr\/wp-content\/uploads\/2024\/03\/Art-Nouveau-rapp-66x66.jpg 66w, https:\/\/interkultur.fr\/wp-content\/uploads\/2024\/03\/Art-Nouveau-rapp-150x150.jpg 150w, https:\/\/interkultur.fr\/wp-content\/uploads\/2024\/03\/Art-Nouveau-rapp-200x200.jpg 200w, https:\/\/interkultur.fr\/wp-content\/uploads\/2024\/03\/Art-Nouveau-rapp-500x500.jpg 500w\" sizes=\"(max-width: 150px) 100vw, 150px\" \/>From the late 1880&#8217;s to the 1910&#8217;s, Art Nouveau will sweep over Paris and leave <strong>incredible constructions,<\/strong> dramatically changing from the traditional Parisian skyline with asymmetric buildings, colors, curvy floral and animal decors, wrought iron balconies, fantastic doors and an unprecedented mix of building materials.<\/p>\n<p style=\"text-align: justify;\">From the Trocadero sides streets to the Champs de Mars surroundings, the walk will show the <strong>most amazing constructions<\/strong> in Paris, including a few hidden gems, in the 16th and 7th arrondissements.<br \/>\nThis route will review various buidings showing amazing evolutions in Art Nouveau led by architects such as <strong>Jules Lavirotte<\/strong> or <strong>Hector Gimard<\/strong> for the most famous ones.<br \/>\nOther buidings from lesser known architects display fantastic decors, colored glazed coverings and personal touches very much admired back then and often earning their builders the much acclaimed City of Paris&#8217;s most beautiful facade.<\/p>\n<p><strong>Second route:<\/strong><\/p>\n<p>The former village of <strong>Auteuil<\/strong> was for long away from Paris and to a fair extent close to the countryside in the end of the nineteeth century. the old center streets still retain a village like atmosphere.<\/p>\n<p><img decoding=\"async\" class=\"alignleft size-thumbnail wp-image-7924\" src=\"https:\/\/interkultur.fr\/wp-content\/uploads\/2024\/03\/Hotel-Guimard-150x150.jpg\" alt=\"\" width=\"150\" height=\"150\" srcset=\"https:\/\/interkultur.fr\/wp-content\/uploads\/2024\/03\/Hotel-Guimard-66x66.jpg 66w, https:\/\/interkultur.fr\/wp-content\/uploads\/2024\/03\/Hotel-Guimard-150x150.jpg 150w, https:\/\/interkultur.fr\/wp-content\/uploads\/2024\/03\/Hotel-Guimard-200x200.jpg 200w, https:\/\/interkultur.fr\/wp-content\/uploads\/2024\/03\/Hotel-Guimard-500x500.jpg 500w\" sizes=\"(max-width: 150px) 100vw, 150px\" \/>Parisian elite found large and free pieces of land to build their new homes. This is how the area became a playground for many innovative architects, like <strong>Henri Sauvage<\/strong> but especially <strong>Hector Guimard<\/strong>.<br \/>\nThe most renown Art Nouveau architect in France will leave many testimonies of his talents in this area, from his very first constructions to the <strong>Hotel Guimard<\/strong>, his fromer residence and workplace, famous for the round shaped rooms and specially designed furnitures.<br \/>\nThe tour will also stop by one of Guimard&#8217;s most eminent construction, the <strong>Castel Beranger<\/strong>. Inaugurated when Guimard was barely 30 years old,<\/p>\n","protected":false},"excerpt":{"rendered":"<p><strong>Art Nouveau<\/strong> is a new conception in art that will spread out in Europe between the 1880&#8217;s up till the First World War, not only in architecture, but also in design and furniture. If many countries will develop their own version, a few architects will in France sign several buildings <strong>emblematic\u00a0 and prestigious<\/strong> up to our times.<br \/>\n<strong>Two routes<\/strong> are proposed to experience the best of Art Nouveau in Paris.<\/p>\n","protected":false},"featured_media":7906,"template":"","meta":{"_price":"","_stock":"","_tribe_ticket_header":"","_tribe_default_ticket_provider":"","_tribe_ticket_capacity":"0","_ticket_start_date":"","_ticket_end_date":"","_tribe_ticket_show_description":"","_tribe_ticket_show_not_going":false,"_tribe_ticket_use_global_stock":"","_tribe_ticket_global_stock_level":"","_global_stock_mode":"","_global_stock_cap":"","_tribe_rsvp_for_event":"","_tribe_ticket_going_count":"","_tribe_ticket_not_going_count":"","_tribe_tickets_list":"[]","_tribe_ticket_has_attendee_info_fields":false,"_tec_slr_enabled":"","_tec_slr_layout":""},"product_brand":[],"product_cat":[143],"product_tag":[],"class_list":{"0":"post-7898","1":"product","2":"type-product","3":"status-publish","4":"has-post-thumbnail","6":"product_cat-visit-paris","8":"first","9":"instock","10":"featured","11":"virtual","12":"product-type-simple"},"yoast_head":"<!-- This site is optimized with the Yoast SEO plugin v27.5 - https:\/\/yoast.com\/product\/yoast-seo-wordpress\/ -->\n<title>Art Nouveau - Interkultur<\/title>\n<meta name=\"description\" content=\"Art Nouveau around The Auteuil village will show the most beautiful buildings emblematic of this architecture in west Paris\" \/>\n<meta name=\"robots\" content=\"index, follow, max-snippet:-1, max-image-preview:large, max-video-preview:-1\" \/>\n<link rel=\"canonical\" href=\"https:\/\/interkultur.fr\/en\/produit\/art-nouveau\/\" \/>\n<meta property=\"og:locale\" content=\"en_US\" \/>\n<meta property=\"og:type\" content=\"article\" \/>\n<meta property=\"og:title\" content=\"Art Nouveau - Interkultur\" \/>\n<meta property=\"og:description\" content=\"Art Nouveau around The Auteuil village will show the most beautiful buildings emblematic of this architecture in west Paris\" \/>\n<meta property=\"og:url\" content=\"https:\/\/interkultur.fr\/en\/produit\/art-nouveau\/\" \/>\n<meta property=\"og:site_name\" content=\"Interkultur\" \/>\n<meta property=\"article:modified_time\" content=\"2024-10-07T16:48:45+00:00\" \/>\n<meta property=\"og:image\" content=\"https:\/\/interkultur.fr\/wp-content\/uploads\/2024\/03\/2-pernet-coin-scaled.jpg\" \/>\n\t<meta property=\"og:image:width\" content=\"1920\" \/>\n\t<meta property=\"og:image:height\" content=\"2560\" \/>\n\t<meta property=\"og:image:type\" content=\"image\/jpeg\" \/>\n<meta name=\"twitter:card\" content=\"summary_large_image\" \/>\n<script type=\"application\/ld+json\" class=\"yoast-schema-graph\">{\"@context\":\"https:\\\/\\\/schema.org\",\"@graph\":[{\"@type\":\"WebPage\",\"@id\":\"https:\\\/\\\/interkultur.fr\\\/en\\\/produit\\\/art-nouveau\\\/\",\"url\":\"https:\\\/\\\/interkultur.fr\\\/en\\\/produit\\\/art-nouveau\\\/\",\"name\":\"Art Nouveau - Interkultur\",\"isPartOf\":{\"@id\":\"https:\\\/\\\/interkultur.fr\\\/en\\\/#website\"},\"primaryImageOfPage\":{\"@id\":\"https:\\\/\\\/interkultur.fr\\\/en\\\/produit\\\/art-nouveau\\\/#primaryimage\"},\"image\":{\"@id\":\"https:\\\/\\\/interkultur.fr\\\/en\\\/produit\\\/art-nouveau\\\/#primaryimage\"},\"thumbnailUrl\":\"https:\\\/\\\/interkultur.fr\\\/wp-content\\\/uploads\\\/2024\\\/03\\\/2-pernet-coin-scaled.jpg\",\"datePublished\":\"2024-03-07T18:00:02+00:00\",\"dateModified\":\"2024-10-07T16:48:45+00:00\",\"description\":\"Art Nouveau around The Auteuil village will show the most beautiful buildings emblematic of this architecture in west Paris\",\"breadcrumb\":{\"@id\":\"https:\\\/\\\/interkultur.fr\\\/en\\\/produit\\\/art-nouveau\\\/#breadcrumb\"},\"inLanguage\":\"en-US\",\"potentialAction\":[{\"@type\":\"ReadAction\",\"target\":[\"https:\\\/\\\/interkultur.fr\\\/en\\\/produit\\\/art-nouveau\\\/\"]}]},{\"@type\":\"ImageObject\",\"inLanguage\":\"en-US\",\"@id\":\"https:\\\/\\\/interkultur.fr\\\/en\\\/produit\\\/art-nouveau\\\/#primaryimage\",\"url\":\"https:\\\/\\\/interkultur.fr\\\/wp-content\\\/uploads\\\/2024\\\/03\\\/2-pernet-coin-scaled.jpg\",\"contentUrl\":\"https:\\\/\\\/interkultur.fr\\\/wp-content\\\/uploads\\\/2024\\\/03\\\/2-pernet-coin-scaled.jpg\",\"width\":1920,\"height\":2560},{\"@type\":\"BreadcrumbList\",\"@id\":\"https:\\\/\\\/interkultur.fr\\\/en\\\/produit\\\/art-nouveau\\\/#breadcrumb\",\"itemListElement\":[{\"@type\":\"ListItem\",\"position\":1,\"name\":\"Accueil\",\"item\":\"https:\\\/\\\/interkultur.fr\\\/en\\\/\"},{\"@type\":\"ListItem\",\"position\":2,\"name\":\"Shop\",\"item\":\"https:\\\/\\\/interkultur.fr\\\/en\\\/shop\\\/\"},{\"@type\":\"ListItem\",\"position\":3,\"name\":\"Art Nouveau\"}]},{\"@type\":\"WebSite\",\"@id\":\"https:\\\/\\\/interkultur.fr\\\/en\\\/#website\",\"url\":\"https:\\\/\\\/interkultur.fr\\\/en\\\/\",\"name\":\"Interkultur\",\"description\":\"Visites et \u00e9v\u00e9nements culturels dans le Paris secret li\u00e9s \u00e0 l\u2019Histoire, l\u2019art, et la valorisation du patrimoine et des savoirs faire.\",\"potentialAction\":[{\"@type\":\"SearchAction\",\"target\":{\"@type\":\"EntryPoint\",\"urlTemplate\":\"https:\\\/\\\/interkultur.fr\\\/en\\\/?s={search_term_string}\"},\"query-input\":{\"@type\":\"PropertyValueSpecification\",\"valueRequired\":true,\"valueName\":\"search_term_string\"}}],\"inLanguage\":\"en-US\"}]}<\/script>\n<!-- \/ Yoast SEO plugin. -->","yoast_head_json":{"title":"Art Nouveau - Interkultur","description":"Art Nouveau around The Auteuil village will show the most beautiful buildings emblematic of this architecture in west Paris","robots":{"index":"index","follow":"follow","max-snippet":"max-snippet:-1","max-image-preview":"max-image-preview:large","max-video-preview":"max-video-preview:-1"},"canonical":"https:\/\/interkultur.fr\/en\/produit\/art-nouveau\/","og_locale":"en_US","og_type":"article","og_title":"Art Nouveau - Interkultur","og_description":"Art Nouveau around The Auteuil village will show the most beautiful buildings emblematic of this architecture in west Paris","og_url":"https:\/\/interkultur.fr\/en\/produit\/art-nouveau\/","og_site_name":"Interkultur","article_modified_time":"2024-10-07T16:48:45+00:00","og_image":[{"width":1920,"height":2560,"url":"https:\/\/interkultur.fr\/wp-content\/uploads\/2024\/03\/2-pernet-coin-scaled.jpg","type":"image\/jpeg"}],"twitter_card":"summary_large_image","schema":{"@context":"https:\/\/schema.org","@graph":[{"@type":"WebPage","@id":"https:\/\/interkultur.fr\/en\/produit\/art-nouveau\/","url":"https:\/\/interkultur.fr\/en\/produit\/art-nouveau\/","name":"Art Nouveau - Interkultur","isPartOf":{"@id":"https:\/\/interkultur.fr\/en\/#website"},"primaryImageOfPage":{"@id":"https:\/\/interkultur.fr\/en\/produit\/art-nouveau\/#primaryimage"},"image":{"@id":"https:\/\/interkultur.fr\/en\/produit\/art-nouveau\/#primaryimage"},"thumbnailUrl":"https:\/\/interkultur.fr\/wp-content\/uploads\/2024\/03\/2-pernet-coin-scaled.jpg","datePublished":"2024-03-07T18:00:02+00:00","dateModified":"2024-10-07T16:48:45+00:00","description":"Art Nouveau around The Auteuil village will show the most beautiful buildings emblematic of this architecture in west Paris","breadcrumb":{"@id":"https:\/\/interkultur.fr\/en\/produit\/art-nouveau\/#breadcrumb"},"inLanguage":"en-US","potentialAction":[{"@type":"ReadAction","target":["https:\/\/interkultur.fr\/en\/produit\/art-nouveau\/"]}]},{"@type":"ImageObject","inLanguage":"en-US","@id":"https:\/\/interkultur.fr\/en\/produit\/art-nouveau\/#primaryimage","url":"https:\/\/interkultur.fr\/wp-content\/uploads\/2024\/03\/2-pernet-coin-scaled.jpg","contentUrl":"https:\/\/interkultur.fr\/wp-content\/uploads\/2024\/03\/2-pernet-coin-scaled.jpg","width":1920,"height":2560},{"@type":"BreadcrumbList","@id":"https:\/\/interkultur.fr\/en\/produit\/art-nouveau\/#breadcrumb","itemListElement":[{"@type":"ListItem","position":1,"name":"Accueil","item":"https:\/\/interkultur.fr\/en\/"},{"@type":"ListItem","position":2,"name":"Shop","item":"https:\/\/interkultur.fr\/en\/shop\/"},{"@type":"ListItem","position":3,"name":"Art Nouveau"}]},{"@type":"WebSite","@id":"https:\/\/interkultur.fr\/en\/#website","url":"https:\/\/interkultur.fr\/en\/","name":"Interkultur","description":"Visites et \u00e9v\u00e9nements culturels dans le Paris secret li\u00e9s \u00e0 l\u2019Histoire, l\u2019art, et la valorisation du patrimoine et des savoirs faire.","potentialAction":[{"@type":"SearchAction","target":{"@type":"EntryPoint","urlTemplate":"https:\/\/interkultur.fr\/en\/?s={search_term_string}"},"query-input":{"@type":"PropertyValueSpecification","valueRequired":true,"valueName":"search_term_string"}}],"inLanguage":"en-US"}]}},"_links":{"self":[{"href":"https:\/\/interkultur.fr\/en\/wp-json\/wp\/v2\/product\/7898","targetHints":{"allow":["GET"]}}],"collection":[{"href":"https:\/\/interkultur.fr\/en\/wp-json\/wp\/v2\/product"}],"about":[{"href":"https:\/\/interkultur.fr\/en\/wp-json\/wp\/v2\/types\/product"}],"wp:featuredmedia":[{"embeddable":true,"href":"https:\/\/interkultur.fr\/en\/wp-json\/wp\/v2\/media\/7906"}],"wp:attachment":[{"href":"https:\/\/interkultur.fr\/en\/wp-json\/wp\/v2\/media?parent=7898"}],"wp:term":[{"taxonomy":"product_brand","embeddable":true,"href":"https:\/\/interkultur.fr\/en\/wp-json\/wp\/v2\/product_brand?post=7898"},{"taxonomy":"product_cat","embeddable":true,"href":"https:\/\/interkultur.fr\/en\/wp-json\/wp\/v2\/product_cat?post=7898"},{"taxonomy":"product_tag","embeddable":true,"href":"https:\/\/interkultur.fr\/en\/wp-json\/wp\/v2\/product_tag?post=7898"}],"curies":[{"name":"wp","href":"https:\/\/api.w.org\/{rel}","templated":true}]}}