{"id":9462,"date":"2024-02-06T15:43:33","date_gmt":"2024-02-06T14:43:33","guid":{"rendered":"https:\/\/interkultur.fr\/?post_type=product&#038;p=9462"},"modified":"2024-08-14T16:20:01","modified_gmt":"2024-08-14T14:20:01","slug":"le-corbusier-trail-in-south-east-paris","status":"publish","type":"product","link":"https:\/\/interkultur.fr\/en\/produit\/le-corbusier-trail-in-south-east-paris\/","title":{"rendered":"Le Corbusier trail in south east Paris"},"content":{"rendered":"<h3>Le Corbusier trail<\/h3>\n<p><strong>Practical Information<\/strong><br \/>\n\u2022 Meeting Point: Outside Biblioth\u00e8que Fran\u00e7ois Mitterrand metro station (Exit 1)<br \/>\n58, rue du Chevaleret Paris 13th<br \/>\n\u2022 Duration: around 2hr15<br \/>\n\u2022 Walking tour<br \/>\n\u2022 <strong>Private group tour<\/strong> at any date<\/p>\n<p><a href=\"https:\/\/interkultur.fr\/wp-content\/uploads\/2023\/12\/parcours-le-corbusier-au-sud-de-paris-2.jpg\"><img decoding=\"async\" class=\"alignleft wp-image-4199 size-thumbnail\" src=\"https:\/\/interkultur.fr\/wp-content\/uploads\/2023\/12\/parcours-le-corbusier-au-sud-de-paris-2-150x150.jpg\" alt=\"\" width=\"150\" height=\"150\" srcset=\"https:\/\/interkultur.fr\/wp-content\/uploads\/2023\/12\/parcours-le-corbusier-au-sud-de-paris-2-66x66.jpg 66w, https:\/\/interkultur.fr\/wp-content\/uploads\/2023\/12\/parcours-le-corbusier-au-sud-de-paris-2-150x150.jpg 150w, https:\/\/interkultur.fr\/wp-content\/uploads\/2023\/12\/parcours-le-corbusier-au-sud-de-paris-2-200x200.jpg 200w, https:\/\/interkultur.fr\/wp-content\/uploads\/2023\/12\/parcours-le-corbusier-au-sud-de-paris-2.jpg 300w\" sizes=\"(max-width: 150px) 100vw, 150px\" \/><\/a><\/p>\n<p>The <strong>Le Corbusier trail in south-east Paris<\/strong> aims to showcase <strong>several notable buildings<\/strong> by the famous Franco-Swiss architect, built between the 1920s and the 1950s. One of them is <strong>little-known<\/strong>, but its sober facade is full of insights into the architect&#8217;s theories. A nearby cul-de-sac gives access to the garden and rear.<\/p>\n<p>After emigrating to France, Le Corbusier sought to make a name for himself and began building for close friends. The first house he built in Paris, still visible today, symbolized the rules he laid down for <strong>modern architecture<\/strong>. His theories were taken up by many other architects, and have had a <strong>controversial influence<\/strong> to this day in many countries round the world.<\/p>\n<p><img decoding=\"async\" class=\"alignleft wp-image-4197 size-thumbnail\" src=\"https:\/\/interkultur.fr\/wp-content\/uploads\/2023\/12\/parcours-le-corbusier-au-sud-de-paris-1-150x150.jpg\" alt=\"\" width=\"150\" height=\"150\" srcset=\"https:\/\/interkultur.fr\/wp-content\/uploads\/2023\/12\/parcours-le-corbusier-au-sud-de-paris-1-66x66.jpg 66w, https:\/\/interkultur.fr\/wp-content\/uploads\/2023\/12\/parcours-le-corbusier-au-sud-de-paris-1-150x150.jpg 150w, https:\/\/interkultur.fr\/wp-content\/uploads\/2023\/12\/parcours-le-corbusier-au-sud-de-paris-1-200x200.jpg 200w, https:\/\/interkultur.fr\/wp-content\/uploads\/2023\/12\/parcours-le-corbusier-au-sud-de-paris-1.jpg 300w\" sizes=\"(max-width: 150px) 100vw, 150px\" \/><\/p>\n<p style=\"text-align: justify;\">\nThe tour also includes several other large-scale buildings that <strong>revolutionized collective housing<\/strong> in the 1920s and 1930s. Today, some of the buildings seen on the tour are part of the list of Le Corbusier&#8217;s <strong>UNESCO-awarded constructions<\/strong>, testifying to the architect&#8217;s innovation and desire to renew housing for the benefit of its inhabitants.<\/p>\n<p>A visit to one of these buildings will provide an opportunity to discover other facets of le Corbusier&#8217;s work, such as <strong>painting and design<\/strong>, as well as to visit a showroom, whose furnishings and layout have been carefully <strong>preserved<\/strong>.<\/p>\n<p><img decoding=\"async\" class=\"alignleft size-thumbnail wp-image-6544\" src=\"https:\/\/interkultur.fr\/wp-content\/uploads\/2024\/02\/Passage-150x150.jpg\" alt=\"\" width=\"150\" height=\"150\" srcset=\"https:\/\/interkultur.fr\/wp-content\/uploads\/2024\/02\/Passage-66x66.jpg 66w, https:\/\/interkultur.fr\/wp-content\/uploads\/2024\/02\/Passage-150x150.jpg 150w, https:\/\/interkultur.fr\/wp-content\/uploads\/2024\/02\/Passage-200x200.jpg 200w, https:\/\/interkultur.fr\/wp-content\/uploads\/2024\/02\/Passage-500x500.jpg 500w\" sizes=\"(max-width: 150px) 100vw, 150px\" \/><\/p>\n<p>&nbsp;<\/p>\n<p>The last stretch of the tour goes through a splendid park nearby, from where other houses from the same period wan be seen. After an <strong>enchanting and rarely seen<\/strong> in Paris walk into a very <strong>special back alley<\/strong>, the tour ends outside le Corbusier&#8217;s first realization in Paris, from 1922.<\/p>\n<p>&nbsp;<\/p>\n<p>&nbsp;<\/p>\n<p>The tour includes a streetcar ride (tramway) accessible with a Navigo card for free and <strong>\u20ac2 admission<\/strong> to the Swiss Pavilion per person.<\/p>\n","protected":false},"excerpt":{"rendered":"<p>Discover<strong> six masterpieces<\/strong> by <strong>Le Corbusier<\/strong> in the 13th and 14th arrondissements, from his first building in Paris for a painter friend to a student residence inaugurated in the 1950s.<br \/>\nDuring the tour, there&#8217;s a stop to <strong>enter and visit one of the buildings<\/strong>, with the chance to admire the interior as well as furniture and paintings by Le Corbusier.<\/p>\n<p>A guided tour in English lasting around 2 hours and 20 minutes.<\/p>\n","protected":false},"featured_media":4201,"template":"","meta":{"_price":"","_stock":"","_tribe_ticket_header":"","_tribe_default_ticket_provider":"","_tribe_ticket_capacity":"0","_ticket_start_date":"","_ticket_end_date":"","_tribe_ticket_show_description":"","_tribe_ticket_show_not_going":false,"_tribe_ticket_use_global_stock":"","_tribe_ticket_global_stock_level":"","_global_stock_mode":"","_global_stock_cap":"","_tribe_rsvp_for_event":"","_tribe_ticket_going_count":"","_tribe_ticket_not_going_count":"","_tribe_tickets_list":"[]","_tribe_ticket_has_attendee_info_fields":false,"_tec_slr_enabled":"","_tec_slr_layout":""},"product_brand":[],"product_cat":[143],"product_tag":[],"class_list":{"0":"post-9462","1":"product","2":"type-product","3":"status-publish","4":"has-post-thumbnail","6":"product_cat-visit-paris","8":"first","9":"instock","10":"featured","11":"virtual","12":"product-type-simple"},"yoast_head":"<!-- This site is optimized with the Yoast SEO plugin v27.4 - https:\/\/yoast.com\/product\/yoast-seo-wordpress\/ -->\n<title>Le Corbusier trail in south east Paris - Interkultur<\/title>\n<meta name=\"robots\" content=\"index, follow, max-snippet:-1, max-image-preview:large, max-video-preview:-1\" \/>\n<link rel=\"canonical\" href=\"https:\/\/interkultur.fr\/en\/produit\/le-corbusier-trail-in-south-east-paris\/\" \/>\n<meta property=\"og:locale\" content=\"en_US\" \/>\n<meta property=\"og:type\" content=\"article\" \/>\n<meta property=\"og:title\" content=\"Le Corbusier trail in south east Paris - Interkultur\" \/>\n<meta property=\"og:description\" content=\"Discover six masterpieces by Le Corbusier in the 13th and 14th arrondissements, from his first building in Paris for a painter friend to a student residence inaugurated in the 1950s. During the tour, there&#039;s a stop to enter and visit one of the buildings, with the chance to admire the interior as well as furniture and paintings by Le Corbusier.  A guided tour in English lasting around 2 hours and 20 minutes.\" \/>\n<meta property=\"og:url\" content=\"https:\/\/interkultur.fr\/en\/produit\/le-corbusier-trail-in-south-east-paris\/\" \/>\n<meta property=\"og:site_name\" content=\"Interkultur\" \/>\n<meta property=\"article:modified_time\" content=\"2024-08-14T14:20:01+00:00\" \/>\n<meta property=\"og:image\" content=\"https:\/\/interkultur.fr\/wp-content\/uploads\/2023\/12\/parcours-le-corbusier-au-sud-de-paris-3.jpg\" \/>\n\t<meta property=\"og:image:width\" content=\"1200\" \/>\n\t<meta property=\"og:image:height\" content=\"1200\" \/>\n\t<meta property=\"og:image:type\" content=\"image\/jpeg\" \/>\n<meta name=\"twitter:card\" content=\"summary_large_image\" \/>\n<script type=\"application\/ld+json\" class=\"yoast-schema-graph\">{\"@context\":\"https:\\\/\\\/schema.org\",\"@graph\":[{\"@type\":\"WebPage\",\"@id\":\"https:\\\/\\\/interkultur.fr\\\/en\\\/produit\\\/le-corbusier-trail-in-south-east-paris\\\/\",\"url\":\"https:\\\/\\\/interkultur.fr\\\/en\\\/produit\\\/le-corbusier-trail-in-south-east-paris\\\/\",\"name\":\"Le Corbusier trail in south east Paris - Interkultur\",\"isPartOf\":{\"@id\":\"https:\\\/\\\/interkultur.fr\\\/en\\\/#website\"},\"primaryImageOfPage\":{\"@id\":\"https:\\\/\\\/interkultur.fr\\\/en\\\/produit\\\/le-corbusier-trail-in-south-east-paris\\\/#primaryimage\"},\"image\":{\"@id\":\"https:\\\/\\\/interkultur.fr\\\/en\\\/produit\\\/le-corbusier-trail-in-south-east-paris\\\/#primaryimage\"},\"thumbnailUrl\":\"https:\\\/\\\/interkultur.fr\\\/wp-content\\\/uploads\\\/2023\\\/12\\\/parcours-le-corbusier-au-sud-de-paris-3.jpg\",\"datePublished\":\"2024-02-06T14:43:33+00:00\",\"dateModified\":\"2024-08-14T14:20:01+00:00\",\"breadcrumb\":{\"@id\":\"https:\\\/\\\/interkultur.fr\\\/en\\\/produit\\\/le-corbusier-trail-in-south-east-paris\\\/#breadcrumb\"},\"inLanguage\":\"en-US\",\"potentialAction\":[{\"@type\":\"ReadAction\",\"target\":[\"https:\\\/\\\/interkultur.fr\\\/en\\\/produit\\\/le-corbusier-trail-in-south-east-paris\\\/\"]}]},{\"@type\":\"ImageObject\",\"inLanguage\":\"en-US\",\"@id\":\"https:\\\/\\\/interkultur.fr\\\/en\\\/produit\\\/le-corbusier-trail-in-south-east-paris\\\/#primaryimage\",\"url\":\"https:\\\/\\\/interkultur.fr\\\/wp-content\\\/uploads\\\/2023\\\/12\\\/parcours-le-corbusier-au-sud-de-paris-3.jpg\",\"contentUrl\":\"https:\\\/\\\/interkultur.fr\\\/wp-content\\\/uploads\\\/2023\\\/12\\\/parcours-le-corbusier-au-sud-de-paris-3.jpg\",\"width\":1200,\"height\":1200},{\"@type\":\"BreadcrumbList\",\"@id\":\"https:\\\/\\\/interkultur.fr\\\/en\\\/produit\\\/le-corbusier-trail-in-south-east-paris\\\/#breadcrumb\",\"itemListElement\":[{\"@type\":\"ListItem\",\"position\":1,\"name\":\"Accueil\",\"item\":\"https:\\\/\\\/interkultur.fr\\\/en\\\/\"},{\"@type\":\"ListItem\",\"position\":2,\"name\":\"Shop\",\"item\":\"https:\\\/\\\/interkultur.fr\\\/en\\\/shop\\\/\"},{\"@type\":\"ListItem\",\"position\":3,\"name\":\"Le Corbusier trail in south east Paris\"}]},{\"@type\":\"WebSite\",\"@id\":\"https:\\\/\\\/interkultur.fr\\\/en\\\/#website\",\"url\":\"https:\\\/\\\/interkultur.fr\\\/en\\\/\",\"name\":\"Interkultur\",\"description\":\"Visites et \u00e9v\u00e9nements culturels dans le Paris secret li\u00e9s \u00e0 l\u2019Histoire, l\u2019art, et la valorisation du patrimoine et des savoirs faire.\",\"potentialAction\":[{\"@type\":\"SearchAction\",\"target\":{\"@type\":\"EntryPoint\",\"urlTemplate\":\"https:\\\/\\\/interkultur.fr\\\/en\\\/?s={search_term_string}\"},\"query-input\":{\"@type\":\"PropertyValueSpecification\",\"valueRequired\":true,\"valueName\":\"search_term_string\"}}],\"inLanguage\":\"en-US\"}]}<\/script>\n<!-- \/ Yoast SEO plugin. -->","yoast_head_json":{"title":"Le Corbusier trail in south east Paris - Interkultur","robots":{"index":"index","follow":"follow","max-snippet":"max-snippet:-1","max-image-preview":"max-image-preview:large","max-video-preview":"max-video-preview:-1"},"canonical":"https:\/\/interkultur.fr\/en\/produit\/le-corbusier-trail-in-south-east-paris\/","og_locale":"en_US","og_type":"article","og_title":"Le Corbusier trail in south east Paris - Interkultur","og_description":"Discover six masterpieces by Le Corbusier in the 13th and 14th arrondissements, from his first building in Paris for a painter friend to a student residence inaugurated in the 1950s. During the tour, there's a stop to enter and visit one of the buildings, with the chance to admire the interior as well as furniture and paintings by Le Corbusier.  A guided tour in English lasting around 2 hours and 20 minutes.","og_url":"https:\/\/interkultur.fr\/en\/produit\/le-corbusier-trail-in-south-east-paris\/","og_site_name":"Interkultur","article_modified_time":"2024-08-14T14:20:01+00:00","og_image":[{"width":1200,"height":1200,"url":"https:\/\/interkultur.fr\/wp-content\/uploads\/2023\/12\/parcours-le-corbusier-au-sud-de-paris-3.jpg","type":"image\/jpeg"}],"twitter_card":"summary_large_image","schema":{"@context":"https:\/\/schema.org","@graph":[{"@type":"WebPage","@id":"https:\/\/interkultur.fr\/en\/produit\/le-corbusier-trail-in-south-east-paris\/","url":"https:\/\/interkultur.fr\/en\/produit\/le-corbusier-trail-in-south-east-paris\/","name":"Le Corbusier trail in south east Paris - Interkultur","isPartOf":{"@id":"https:\/\/interkultur.fr\/en\/#website"},"primaryImageOfPage":{"@id":"https:\/\/interkultur.fr\/en\/produit\/le-corbusier-trail-in-south-east-paris\/#primaryimage"},"image":{"@id":"https:\/\/interkultur.fr\/en\/produit\/le-corbusier-trail-in-south-east-paris\/#primaryimage"},"thumbnailUrl":"https:\/\/interkultur.fr\/wp-content\/uploads\/2023\/12\/parcours-le-corbusier-au-sud-de-paris-3.jpg","datePublished":"2024-02-06T14:43:33+00:00","dateModified":"2024-08-14T14:20:01+00:00","breadcrumb":{"@id":"https:\/\/interkultur.fr\/en\/produit\/le-corbusier-trail-in-south-east-paris\/#breadcrumb"},"inLanguage":"en-US","potentialAction":[{"@type":"ReadAction","target":["https:\/\/interkultur.fr\/en\/produit\/le-corbusier-trail-in-south-east-paris\/"]}]},{"@type":"ImageObject","inLanguage":"en-US","@id":"https:\/\/interkultur.fr\/en\/produit\/le-corbusier-trail-in-south-east-paris\/#primaryimage","url":"https:\/\/interkultur.fr\/wp-content\/uploads\/2023\/12\/parcours-le-corbusier-au-sud-de-paris-3.jpg","contentUrl":"https:\/\/interkultur.fr\/wp-content\/uploads\/2023\/12\/parcours-le-corbusier-au-sud-de-paris-3.jpg","width":1200,"height":1200},{"@type":"BreadcrumbList","@id":"https:\/\/interkultur.fr\/en\/produit\/le-corbusier-trail-in-south-east-paris\/#breadcrumb","itemListElement":[{"@type":"ListItem","position":1,"name":"Accueil","item":"https:\/\/interkultur.fr\/en\/"},{"@type":"ListItem","position":2,"name":"Shop","item":"https:\/\/interkultur.fr\/en\/shop\/"},{"@type":"ListItem","position":3,"name":"Le Corbusier trail in south east Paris"}]},{"@type":"WebSite","@id":"https:\/\/interkultur.fr\/en\/#website","url":"https:\/\/interkultur.fr\/en\/","name":"Interkultur","description":"Visites et \u00e9v\u00e9nements culturels dans le Paris secret li\u00e9s \u00e0 l\u2019Histoire, l\u2019art, et la valorisation du patrimoine et des savoirs faire.","potentialAction":[{"@type":"SearchAction","target":{"@type":"EntryPoint","urlTemplate":"https:\/\/interkultur.fr\/en\/?s={search_term_string}"},"query-input":{"@type":"PropertyValueSpecification","valueRequired":true,"valueName":"search_term_string"}}],"inLanguage":"en-US"}]}},"_links":{"self":[{"href":"https:\/\/interkultur.fr\/en\/wp-json\/wp\/v2\/product\/9462","targetHints":{"allow":["GET"]}}],"collection":[{"href":"https:\/\/interkultur.fr\/en\/wp-json\/wp\/v2\/product"}],"about":[{"href":"https:\/\/interkultur.fr\/en\/wp-json\/wp\/v2\/types\/product"}],"wp:featuredmedia":[{"embeddable":true,"href":"https:\/\/interkultur.fr\/en\/wp-json\/wp\/v2\/media\/4201"}],"wp:attachment":[{"href":"https:\/\/interkultur.fr\/en\/wp-json\/wp\/v2\/media?parent=9462"}],"wp:term":[{"taxonomy":"product_brand","embeddable":true,"href":"https:\/\/interkultur.fr\/en\/wp-json\/wp\/v2\/product_brand?post=9462"},{"taxonomy":"product_cat","embeddable":true,"href":"https:\/\/interkultur.fr\/en\/wp-json\/wp\/v2\/product_cat?post=9462"},{"taxonomy":"product_tag","embeddable":true,"href":"https:\/\/interkultur.fr\/en\/wp-json\/wp\/v2\/product_tag?post=9462"}],"curies":[{"name":"wp","href":"https:\/\/api.w.org\/{rel}","templated":true}]}}